{"id":31987,"date":"2023-06-15T14:48:04","date_gmt":"2023-06-15T12:48:04","guid":{"rendered":"https:\/\/www.mornera.ch\/?page_id=31987"},"modified":"2023-06-15T14:48:04","modified_gmt":"2023-06-15T12:48:04","slug":"informations-pour-les-abonnes","status":"publish","type":"page","link":"https:\/\/www.mornera.ch\/fr\/informations-pour-les-abonnes\/","title":{"rendered":"Informations pour les abonn\u00e9s"},"content":{"rendered":"<div class=\"wpb-content-wrapper\"><div  class=\"vc_row vc-row-wrapper \" data-parallax_sense=\"30\"><div class=\"wpb_row row\" >\n\t<div class=\"twelve columns vc-column-extra-class-69fafb226c228\" data-parallax_sense=\"30\">\n\t\t<div class=\"wpb_wrapper\">\n\t\t\t<div class=\"dfd-spacer-module\"  data-units=\"px\" data-wide_resolution=\"1280\" data-wide_size=\"200\" data-normal_resolution=\"1024\" data-normal_size=\"150\" data-tablet_resolution=\"800\" data-tablet_size=\"150\" data-mobile_resolution=\"480\" data-mobile_size=\"100\" style=\"height: 200px;\"><\/div>\n\t\t<\/div> \n\t<\/div> <\/div><div class=\"dfd-row-bg-overlay\" style=\"opacity: 0.8;\"><\/div><\/div><div  class=\"vc_row vc-row-wrapper vc-row-responsive-69fafb226c5cc vc_custom_1615371556915\" data-parallax_sense=\"30\"><div class=\"wpb_row row\" >\n\t<div class=\"twelve columns vc-column-extra-class-69fafb226c81a vc_custom_1614868834640\" data-parallax_sense=\"30\">\n\t\t<div class=\"wpb_wrapper\">\n\t\t\t<div class=\"dfd-heading-shortcode\"><div class=\"dfd-heading-module-wrap  text-left style_01 dfd-heading-69fafb226c94a dfd-disable-resposive-headings\" id=\"dfd-heading-69fafb226c94a\" ><div class=\"inline-block\"><div class=\"dfd-heading-module\"><h1 class=\"widget-title dfd-title \" style=\"\">Informations pour les abonn\u00e9s<\/h1><\/div><\/div><\/div><script type=\"text\/javascript\">\r\n\t\t\t\t\t\t\t\t\t(function($) {\r\n\t\t\t\t\t\t\t\t\t\t$(\"head\").append(\"<style>.dfd-heading-69fafb226c94a.dfd-heading-module-wrap .dfd-heading-module .dfd-heading-delimiter {margin-top:10px;margin-bottom:10px;}@media (max-width: 1279px) and (min-width: 1024px){.dfd-heading-69fafb226c94a .dfd-title{font-size: 45px !important;letter-spacing: 0px !important;line-height: 55px !important;}}@media (max-width: 1023px) and (min-width: 800px){.dfd-heading-69fafb226c94a .dfd-title{font-size: 40px !important;letter-spacing: 0px !important;line-height: 50px !important;}}@media (max-width: 799px){.dfd-heading-69fafb226c94a .dfd-title{font-size: 30px !important;letter-spacing: 0px !important;line-height: 38px !important;}}<\/style>\");\r\n\t\t\t\t\t\t\t\t\t})(jQuery);\r\n\t\t\t\t\t\t\t\t<\/script><\/div><div class=\"dfd-spacer-module\"  data-units=\"px\" data-wide_resolution=\"1280\" data-wide_size=\"60\" data-normal_resolution=\"1024\" data-normal_size=\"60\" data-tablet_resolution=\"800\" data-tablet_size=\"40\" data-mobile_resolution=\"480\" data-mobile_size=\"30\" style=\"height: 60px;\"><\/div>\n\t\t<\/div> \n\t<\/div> <\/div><div class=\"dfd-row-bg-overlay\" style=\"opacity: 0.8;\"><\/div><script type=\"text\/javascript\">(function($) {$(\"head\").append(\"<style>@media (max-width: 799px){.vc-row-wrapper.vc-row-responsive-69fafb226c5cc{padding-left: 30px !important;padding-right: 30px !important;}}<\/style>\");})(jQuery);<\/script><\/div><div  class=\"vc_row vc-row-wrapper vc-row-responsive-69fafb226cc6a vc_custom_1686832468828\" data-parallax_sense=\"30\"><div class=\"wpb_row row\" >\n\t<div class=\"two columns vc-column-extra-class-69fafb226cf2d\" data-parallax_sense=\"30\">\n\t\t<div class=\"wpb_wrapper\">\n\t\t\t\n\t\t<\/div> \n\t<\/div> \n\t<div class=\"eight columns vc-column-extra-class-69fafb226d088\" data-parallax_sense=\"30\">\n\t\t<div class=\"wpb_wrapper\">\n\t\t\t<div id=\"dfd-icon-list-69fafb226d1a5-6709\" class=\"dfd-icon-list-wrap  del-width-net-icon style-4  \" ><ul class=\"dfd-icon-list\"><li class=\"\"><div class=\"dfd-list-content clearfix \" style=\"padding:15px 0;\"><div class=\"dfd-list-icon-block text-center\" style=\"margin-right:10px;font-size:15px; width:40px; height:40px; \"><img decoding=\"async\" src=\"https:\/\/www.mornera.ch\/wp-content\/uploads\/2023\/06\/mornera_numero1.svg\" alt=\"Image\" \/><\/div><div class=\"dfd-list-content-block content\">Ins\u00e9rez votre carte sous la croix lumineuse<\/div><\/div><span class=\"dfd-icon-item-delimiter\" style=\"border-bottom-width:1px; border-style:solid; border-color:#000000; left: 50px; \"><\/span><\/li><li class=\"\"><div class=\"dfd-list-content clearfix \" style=\"padding:15px 0;\"><div class=\"dfd-list-icon-block text-center\" style=\"margin-right:10px;font-size:15px; width:40px; height:40px; \"><img decoding=\"async\" src=\"https:\/\/www.mornera.ch\/wp-content\/uploads\/2023\/06\/mornera_numero2.svg\" alt=\"Image\" \/><\/div><div class=\"dfd-list-content-block content\">Votre carte appara\u00eet \u00e0 l&rsquo;\u00e9cran<\/div><\/div><span class=\"dfd-icon-item-delimiter\" style=\"border-bottom-width:1px; border-style:solid; border-color:#000000; left: 50px; \"><\/span><\/li><li class=\"\"><div class=\"dfd-list-content clearfix \" style=\"padding:15px 0;\"><div class=\"dfd-list-icon-block text-center\" style=\"margin-right:10px;font-size:15px; width:40px; height:40px; \"><img decoding=\"async\" src=\"https:\/\/www.mornera.ch\/wp-content\/uploads\/2023\/06\/mornera_numero3.svg\" alt=\"Image\" \/><\/div><div class=\"dfd-list-content-block content\">Mettez le visa sur le(s) passager(s) et le(s) chien(s).<\/div><\/div><span class=\"dfd-icon-item-delimiter\" style=\"border-bottom-width:1px; border-style:solid; border-color:#000000; left: 50px; \"><\/span><\/li><li class=\"\"><div class=\"dfd-list-content clearfix \" style=\"padding:15px 0;\"><div class=\"dfd-list-icon-block text-center\" style=\"margin-right:10px;font-size:15px; width:40px; height:40px; \"><img decoding=\"async\" src=\"https:\/\/www.mornera.ch\/wp-content\/uploads\/2023\/06\/mornera_numero4.svg\" alt=\"Image\" \/><\/div><div class=\"dfd-list-content-block content\">Choisissez la date et l&rsquo;heure du voyage<\/div><\/div><span class=\"dfd-icon-item-delimiter\" style=\"border-bottom-width:1px; border-style:solid; border-color:#000000; left: 50px; \"><\/span><\/li><li class=\"\"><div class=\"dfd-list-content clearfix \" style=\"padding:15px 0;\"><div class=\"dfd-list-icon-block text-center\" style=\"margin-right:10px;font-size:15px; width:40px; height:40px; \"><img decoding=\"async\" src=\"https:\/\/www.mornera.ch\/wp-content\/uploads\/2023\/06\/mornera_numero5.svg\" alt=\"Image\" \/><\/div><div class=\"dfd-list-content-block content\">Confirmez<\/div><\/div><span class=\"dfd-icon-item-delimiter\" style=\"border-bottom-width:1px; border-style:solid; border-color:#000000; left: 50px; \"><\/span><\/li><li class=\"\"><div class=\"dfd-list-content clearfix \" style=\"padding:15px 0;\"><div class=\"dfd-list-icon-block text-center\" style=\"margin-right:10px;font-size:15px; width:40px; height:40px; \"><img decoding=\"async\" src=\"https:\/\/www.mornera.ch\/wp-content\/uploads\/2023\/06\/mornera_numero6.svg\" alt=\"Image\" \/><\/div><div class=\"dfd-list-content-block content\">Chaque passager scanne sa carte au tourniquet ou au Piccolo<\/div><\/div><span class=\"dfd-icon-item-delimiter\" style=\"border-bottom-width:1px; border-style:solid; border-color:#000000; left: 50px; \"><\/span><\/li><li class=\"\"><div class=\"dfd-list-content clearfix \" style=\"padding:15px 0;\"><div class=\"dfd-list-icon-block text-center\" style=\"margin-right:10px;font-size:15px; width:40px; height:40px; \"><img decoding=\"async\" src=\"https:\/\/www.mornera.ch\/wp-content\/uploads\/2023\/06\/mornera_numero7.svg\" alt=\"Image\" \/><\/div><div class=\"dfd-list-content-block content\">Scannez \u00e9galement la carte du ou des chien(s)<\/div><\/div><span class=\"dfd-icon-item-delimiter\" style=\"border-bottom-width:1px; border-style:solid; border-color:#000000; left: 50px; \"><\/span><\/li><\/ul><\/div><script type=\"text\/javascript\">(function($) {$(\"head\").append(\"<style>#dfd-icon-list-69fafb226d1a5-6709 .dfd-icon-list .content {style=&quot;font-family:Montserrat; font-weight:400; font-style:normal; font-size: 20px; color: #000000 !important; line-height: 28px; letter-spacing: 0px; &quot;}#dfd-icon-list-69fafb226d1a5-6709 .dfd-icon-list li.with-link:hover .dfd-list-content .dfd-list-content-block {color: #000000 !important; }<\/style>\");})(jQuery);<\/script>\n\t\t<\/div> \n\t<\/div> \n\t<div class=\"two columns vc-column-extra-class-69fafb22707b6\" data-parallax_sense=\"30\">\n\t\t<div class=\"wpb_wrapper\">\n\t\t\t\n\t\t<\/div> \n\t<\/div> <\/div><div class=\"dfd-row-bg-overlay\" style=\"opacity: 0.8;\"><\/div><script type=\"text\/javascript\">(function($) {$(\"head\").append(\"<style>@media (max-width: 799px){.vc-row-wrapper.vc-row-responsive-69fafb226cc6a{padding-left: 30px !important;padding-right: 30px !important;}}<\/style>\");})(jQuery);<\/script><\/div><div  class=\"vc_row vc-row-wrapper \" data-parallax_sense=\"30\"><div class=\"wpb_row row\" >\n\t<div class=\"twelve columns vc-column-extra-class-69fafb2270d30\" data-parallax_sense=\"30\">\n\t\t<div class=\"wpb_wrapper\">\n\t\t\t<div class=\"dfd-spacer-module\"  data-units=\"px\" data-wide_resolution=\"1280\" data-wide_size=\"200\" data-normal_resolution=\"1024\" data-normal_size=\"150\" data-tablet_resolution=\"800\" data-tablet_size=\"150\" data-mobile_resolution=\"480\" data-mobile_size=\"100\" style=\"height: 200px;\"><\/div>\n\t\t<\/div> \n\t<\/div> <\/div><div class=\"dfd-row-bg-overlay\" style=\"opacity: 0.8;\"><\/div><\/div>\n<\/div>","protected":false},"excerpt":{"rendered":"Informations pour les abonn\u00e9s Ins\u00e9rez votre carte sous la croix lumineuseVotre carte appara\u00eet \u00e0 l'\u00e9cranMettez le visa sur le(s) passager(s) et le(s) chien(s).Choisissez la date et l'heure du voyageConfirmezChaque passager","protected":false},"author":1,"featured_media":0,"parent":0,"menu_order":0,"comment_status":"closed","ping_status":"closed","template":"page-custom.php","meta":{"inline_featured_image":false,"footnotes":""},"class_list":["post-31987","page","type-page","status-publish","hentry"],"yoast_head":"<!-- This site is optimized with the Yoast SEO plugin v26.6 - https:\/\/yoast.com\/wordpress\/plugins\/seo\/ -->\n<title>Informations pour les abonn\u00e9s - Funivia Monte Carasso Mornera<\/title>\n<meta name=\"description\" content=\"Visualizza le escursioni disponibili presso Mornera.\" \/>\n<meta name=\"robots\" content=\"index, follow, max-snippet:-1, max-image-preview:large, max-video-preview:-1\" \/>\n<link rel=\"canonical\" href=\"https:\/\/www.mornera.ch\/fr\/informations-pour-les-abonnes\/\" \/>\n<meta property=\"og:locale\" content=\"fr_FR\" \/>\n<meta property=\"og:type\" content=\"article\" \/>\n<meta property=\"og:title\" content=\"Informations pour les abonn\u00e9s - Funivia Monte Carasso Mornera\" \/>\n<meta property=\"og:description\" content=\"Visualizza le escursioni disponibili presso Mornera.\" \/>\n<meta property=\"og:url\" content=\"https:\/\/www.mornera.ch\/fr\/informations-pour-les-abonnes\/\" \/>\n<meta property=\"og:site_name\" content=\"Funivia Monte Carasso Mornera\" \/>\n<meta name=\"twitter:card\" content=\"summary_large_image\" \/>\n<meta name=\"twitter:label1\" content=\"Dur\u00e9e de lecture estim\u00e9e\" \/>\n\t<meta name=\"twitter:data1\" content=\"1 minute\" \/>\n<script type=\"application\/ld+json\" class=\"yoast-schema-graph\">{\"@context\":\"https:\/\/schema.org\",\"@graph\":[{\"@type\":\"WebPage\",\"@id\":\"https:\/\/www.mornera.ch\/fr\/informations-pour-les-abonnes\/\",\"url\":\"https:\/\/www.mornera.ch\/fr\/informations-pour-les-abonnes\/\",\"name\":\"Informations pour les abonn\u00e9s - Funivia Monte Carasso Mornera\",\"isPartOf\":{\"@id\":\"https:\/\/www.mornera.ch\/#website\"},\"datePublished\":\"2023-06-15T12:48:04+00:00\",\"description\":\"Visualizza le escursioni disponibili presso Mornera.\",\"breadcrumb\":{\"@id\":\"https:\/\/www.mornera.ch\/fr\/informations-pour-les-abonnes\/#breadcrumb\"},\"inLanguage\":\"fr-FR\",\"potentialAction\":[{\"@type\":\"ReadAction\",\"target\":[\"https:\/\/www.mornera.ch\/fr\/informations-pour-les-abonnes\/\"]}]},{\"@type\":\"BreadcrumbList\",\"@id\":\"https:\/\/www.mornera.ch\/fr\/informations-pour-les-abonnes\/#breadcrumb\",\"itemListElement\":[{\"@type\":\"ListItem\",\"position\":1,\"name\":\"Home\",\"item\":\"https:\/\/www.mornera.ch\/\"},{\"@type\":\"ListItem\",\"position\":2,\"name\":\"Informations pour les abonn\u00e9s\"}]},{\"@type\":\"WebSite\",\"@id\":\"https:\/\/www.mornera.ch\/#website\",\"url\":\"https:\/\/www.mornera.ch\/\",\"name\":\"Funivia Monte Carasso Mornera\",\"description\":\"\",\"potentialAction\":[{\"@type\":\"SearchAction\",\"target\":{\"@type\":\"EntryPoint\",\"urlTemplate\":\"https:\/\/www.mornera.ch\/?s={search_term_string}\"},\"query-input\":{\"@type\":\"PropertyValueSpecification\",\"valueRequired\":true,\"valueName\":\"search_term_string\"}}],\"inLanguage\":\"fr-FR\"}]}<\/script>\n<!-- \/ Yoast SEO plugin. -->","yoast_head_json":{"title":"Informations pour les abonn\u00e9s - Funivia Monte Carasso Mornera","description":"Visualizza le escursioni disponibili presso Mornera.","robots":{"index":"index","follow":"follow","max-snippet":"max-snippet:-1","max-image-preview":"max-image-preview:large","max-video-preview":"max-video-preview:-1"},"canonical":"https:\/\/www.mornera.ch\/fr\/informations-pour-les-abonnes\/","og_locale":"fr_FR","og_type":"article","og_title":"Informations pour les abonn\u00e9s - Funivia Monte Carasso Mornera","og_description":"Visualizza le escursioni disponibili presso Mornera.","og_url":"https:\/\/www.mornera.ch\/fr\/informations-pour-les-abonnes\/","og_site_name":"Funivia Monte Carasso Mornera","twitter_card":"summary_large_image","twitter_misc":{"Dur\u00e9e de lecture estim\u00e9e":"1 minute"},"schema":{"@context":"https:\/\/schema.org","@graph":[{"@type":"WebPage","@id":"https:\/\/www.mornera.ch\/fr\/informations-pour-les-abonnes\/","url":"https:\/\/www.mornera.ch\/fr\/informations-pour-les-abonnes\/","name":"Informations pour les abonn\u00e9s - Funivia Monte Carasso Mornera","isPartOf":{"@id":"https:\/\/www.mornera.ch\/#website"},"datePublished":"2023-06-15T12:48:04+00:00","description":"Visualizza le escursioni disponibili presso Mornera.","breadcrumb":{"@id":"https:\/\/www.mornera.ch\/fr\/informations-pour-les-abonnes\/#breadcrumb"},"inLanguage":"fr-FR","potentialAction":[{"@type":"ReadAction","target":["https:\/\/www.mornera.ch\/fr\/informations-pour-les-abonnes\/"]}]},{"@type":"BreadcrumbList","@id":"https:\/\/www.mornera.ch\/fr\/informations-pour-les-abonnes\/#breadcrumb","itemListElement":[{"@type":"ListItem","position":1,"name":"Home","item":"https:\/\/www.mornera.ch\/"},{"@type":"ListItem","position":2,"name":"Informations pour les abonn\u00e9s"}]},{"@type":"WebSite","@id":"https:\/\/www.mornera.ch\/#website","url":"https:\/\/www.mornera.ch\/","name":"Funivia Monte Carasso Mornera","description":"","potentialAction":[{"@type":"SearchAction","target":{"@type":"EntryPoint","urlTemplate":"https:\/\/www.mornera.ch\/?s={search_term_string}"},"query-input":{"@type":"PropertyValueSpecification","valueRequired":true,"valueName":"search_term_string"}}],"inLanguage":"fr-FR"}]}},"_links":{"self":[{"href":"https:\/\/www.mornera.ch\/fr\/wp-json\/wp\/v2\/pages\/31987","targetHints":{"allow":["GET"]}}],"collection":[{"href":"https:\/\/www.mornera.ch\/fr\/wp-json\/wp\/v2\/pages"}],"about":[{"href":"https:\/\/www.mornera.ch\/fr\/wp-json\/wp\/v2\/types\/page"}],"author":[{"embeddable":true,"href":"https:\/\/www.mornera.ch\/fr\/wp-json\/wp\/v2\/users\/1"}],"replies":[{"embeddable":true,"href":"https:\/\/www.mornera.ch\/fr\/wp-json\/wp\/v2\/comments?post=31987"}],"version-history":[{"count":5,"href":"https:\/\/www.mornera.ch\/fr\/wp-json\/wp\/v2\/pages\/31987\/revisions"}],"predecessor-version":[{"id":32033,"href":"https:\/\/www.mornera.ch\/fr\/wp-json\/wp\/v2\/pages\/31987\/revisions\/32033"}],"wp:attachment":[{"href":"https:\/\/www.mornera.ch\/fr\/wp-json\/wp\/v2\/media?parent=31987"}],"curies":[{"name":"wp","href":"https:\/\/api.w.org\/{rel}","templated":true}]}}