{"id":31809,"date":"2023-03-14T15:00:35","date_gmt":"2023-03-14T14:00:35","guid":{"rendered":"https:\/\/www.mornera.ch\/attractions\/"},"modified":"2023-06-06T14:50:49","modified_gmt":"2023-06-06T12:50:49","slug":"attractions","status":"publish","type":"page","link":"https:\/\/www.mornera.ch\/fr\/attractions\/","title":{"rendered":"Attractions"},"content":{"rendered":"<div class=\"wpb-content-wrapper\"><div  class=\"vc_row vc-row-wrapper \" data-parallax_sense=\"30\"><div class=\"wpb_row row\" >\n\t<div class=\"twelve columns vc-column-extra-class-69db7b1dbd6a9\" data-parallax_sense=\"30\">\n\t\t<div class=\"wpb_wrapper\">\n\t\t\t<div class=\"dfd-spacer-module\"  data-units=\"px\" data-wide_resolution=\"1280\" data-wide_size=\"200\" data-normal_resolution=\"1024\" data-normal_size=\"150\" data-tablet_resolution=\"800\" data-tablet_size=\"150\" data-mobile_resolution=\"480\" data-mobile_size=\"100\" style=\"height: 200px;\"><\/div>\n\t\t<\/div> \n\t<\/div> <\/div><div class=\"dfd-row-bg-overlay\" style=\"opacity: 0.8;\"><\/div><\/div><div  class=\"vc_row vc-row-wrapper vc-row-responsive-69db7b1dbdd2c vc_custom_1615371556915\" data-parallax_sense=\"30\"><div class=\"wpb_row row\" >\n\t<div class=\"twelve columns vc-column-extra-class-69db7b1dbe24a vc_custom_1614868834640\" data-parallax_sense=\"30\">\n\t\t<div class=\"wpb_wrapper\">\n\t\t\t<div class=\"dfd-heading-shortcode\"><div class=\"dfd-heading-module-wrap  text-left style_01 dfd-heading-69db7b1dbe432 dfd-disable-resposive-headings\" id=\"dfd-heading-69db7b1dbe432\" ><div class=\"inline-block\"><div class=\"dfd-heading-module\"><h1 class=\"widget-title dfd-title \" style=\"\">Attractions<\/h1><\/div><\/div><\/div><script type=\"text\/javascript\">\r\n\t\t\t\t\t\t\t\t\t(function($) {\r\n\t\t\t\t\t\t\t\t\t\t$(\"head\").append(\"<style>.dfd-heading-69db7b1dbe432.dfd-heading-module-wrap .dfd-heading-module .dfd-heading-delimiter {margin-top:10px;margin-bottom:10px;}@media (max-width: 1279px) and (min-width: 1024px){.dfd-heading-69db7b1dbe432 .dfd-title{font-size: 45px !important;letter-spacing: 0px !important;line-height: 55px !important;}}@media (max-width: 1023px) and (min-width: 800px){.dfd-heading-69db7b1dbe432 .dfd-title{font-size: 40px !important;letter-spacing: 0px !important;line-height: 50px !important;}}@media (max-width: 799px){.dfd-heading-69db7b1dbe432 .dfd-title{font-size: 30px !important;letter-spacing: 0px !important;line-height: 38px !important;}}<\/style>\");\r\n\t\t\t\t\t\t\t\t\t})(jQuery);\r\n\t\t\t\t\t\t\t\t<\/script><\/div><div class=\"dfd-spacer-module\"  data-units=\"px\" data-wide_resolution=\"1280\" data-wide_size=\"60\" data-normal_resolution=\"1024\" data-normal_size=\"60\" data-tablet_resolution=\"800\" data-tablet_size=\"40\" data-mobile_resolution=\"480\" data-mobile_size=\"30\" style=\"height: 60px;\"><\/div><div class=\"dfd-module-wrapper\"><div class=\"dfd-portfolio-loop dfd-portfolio-module  fitRows\" id=\"dfd-portfolio-module-69db7b1dbe71b\">\r\n\t<div class=\"dfd-portfolio-wrap\">\r\n\t\t\t\t<div class=\"dfd-portfolio dfd-portfolio-fitRows dfd-new-isotope  \"  data-columns=\"3\" data-layout-style=\"fitRows\" data-item=\"project\">\r\n\t\t\t\t\t\t<div class=\"project dfd-fade-out dfd-not-image-effect\" >\r\n\t\t\t\t\t<div class=\"cover text-left\">\r\n\t\t\t\t\t\t\t\t\t\t\t\t<div class=\"entry-thumb \">\r\n\t\t\t\t\t\t\t<img decoding=\"async\" src=\"https:\/\/www.mornera.ch\/wp-content\/uploads\/2021\/03\/Mornera_chiesa_san_bernard1-900x900.jpg\" alt=\"\u00c9glise de San Barn\u00e1rd\"\/>\r\n\t\t\t\t\t\t\t\t\t\t\t\t\t\t\r\n<div class=\"portfolio-custom-hover\">\r\n\t\t\r\n\t\t\t\t\t\t\t<a class=\"dfd-default-link\" href=\"https:\/\/www.mornera.ch\/fr\/my-product\/eglise-de-san-barnard\/\"><\/a>\r\n\t\t\t\t\t\t\t\r\n\t\t\t<div class=\"dfd-folio-icons-wrap\">\r\n\t\t\t\t\t\t\t<\/div>\r\n<\/div>\r\n\r\n\t\t\t\t\t\t<\/div>\r\n\r\n\r\n\t\t\t\t\t\t<div class=\"dfd-folio-heading-wrap\"><div class=\"dfd-folio-categories\">\r\n\t<span class=\"byline category\">\r\n\t\t<a href=\"https:\/\/www.mornera.ch\/fr\/my-product_category\/attractions-eglise-de-san-barnard\/\" class=\"fn\" >\r\n\t\t\t<span class=\"cat-name\">Attractions \u00c9glise de San Barn\u00e1rd<\/span>\r\n\t\t<\/a>\r\n\t<\/span>\r\n<\/div><h2 class=\"dfd-blog-title dfd-portfolio-title \" style=\"font-family:Montserrat; font-weight:700; font-style:normal; font-size: 30px; color: #000000 !important; line-height: 38px; letter-spacing: 0px; \"><a href=\"https:\/\/www.mornera.ch\/fr\/my-product\/eglise-de-san-barnard\/\" title=\"\u00c9glise de San Barn\u00e1rd\">\u00c9glise de San Barn\u00e1rd<\/a><\/h2><\/div>\r\n\t\t\t\t\t\t\t\t\t\t\t\t\t<div class=\"dfd-read-share clearfix\">\r\n\t\t\t\t\t\t\t\t\t\t\t\t\t\t\t\t\t<div class=\"read-more-wrap\">\r\n\t\t\t\t\t\t\t\t\t\t<a href=\"https:\/\/www.mornera.ch\/fr\/my-product\/eglise-de-san-barnard\/\" class=\"more-button simple\" title=\"\" data-lang=\"en\">More<\/a>\r\n\t\t\t\t\t\t\t\t\t<\/div>\r\n\t\t\t\t\t\t\t\t\t\t\t\t\t\t\t\t\t\t\t\t\t\t\t<\/div>\r\n\t\t\t\t\t\t\t\t\t\t\t<\/div>\r\n\t\t\t\t<\/div>\r\n\t\t\t\t\t\t\t\t<div class=\"project dfd-fade-out dfd-not-image-effect\" >\r\n\t\t\t\t\t<div class=\"cover text-left\">\r\n\t\t\t\t\t\t\t\t\t\t\t\t<div class=\"entry-thumb \">\r\n\t\t\t\t\t\t\t<img decoding=\"async\" src=\"https:\/\/www.mornera.ch\/wp-content\/uploads\/2021\/03\/Mornera_laghetto_mornera1-900x900.jpg\" alt=\"Petit lac de Mornera\"\/>\r\n\t\t\t\t\t\t\t\t\t\t\t\t\t\t\r\n<div class=\"portfolio-custom-hover\">\r\n\t\t\r\n\t\t\t\t\t\t\t<a class=\"dfd-default-link\" href=\"https:\/\/www.mornera.ch\/fr\/my-product\/petit-lac-de-mornera\/\"><\/a>\r\n\t\t\t\t\t\t\t\r\n\t\t\t<div class=\"dfd-folio-icons-wrap\">\r\n\t\t\t\t\t\t\t<\/div>\r\n<\/div>\r\n\r\n\t\t\t\t\t\t<\/div>\r\n\r\n\r\n\t\t\t\t\t\t<div class=\"dfd-folio-heading-wrap\"><div class=\"dfd-folio-categories\">\r\n\t<span class=\"byline category\">\r\n\t\t<a href=\"https:\/\/www.mornera.ch\/fr\/my-product_category\/attractions-petit-lac-de-mornera\/\" class=\"fn\" >\r\n\t\t\t<span class=\"cat-name\">Attractions Petit lac de Mornera<\/span>\r\n\t\t<\/a>\r\n\t<\/span>\r\n<\/div><h2 class=\"dfd-blog-title dfd-portfolio-title \" style=\"font-family:Montserrat; font-weight:700; font-style:normal; font-size: 30px; color: #000000 !important; line-height: 38px; letter-spacing: 0px; \"><a href=\"https:\/\/www.mornera.ch\/fr\/my-product\/petit-lac-de-mornera\/\" title=\"Petit lac de Mornera\">Petit lac de Mornera<\/a><\/h2><\/div>\r\n\t\t\t\t\t\t\t\t\t\t\t\t\t<div class=\"dfd-read-share clearfix\">\r\n\t\t\t\t\t\t\t\t\t\t\t\t\t\t\t\t\t<div class=\"read-more-wrap\">\r\n\t\t\t\t\t\t\t\t\t\t<a href=\"https:\/\/www.mornera.ch\/fr\/my-product\/petit-lac-de-mornera\/\" class=\"more-button simple\" title=\"\" data-lang=\"en\">More<\/a>\r\n\t\t\t\t\t\t\t\t\t<\/div>\r\n\t\t\t\t\t\t\t\t\t\t\t\t\t\t\t\t\t\t\t\t\t\t\t<\/div>\r\n\t\t\t\t\t\t\t\t\t\t\t<\/div>\r\n\t\t\t\t<\/div>\r\n\t\t\t\t\t\t\t\t<div class=\"project dfd-fade-out dfd-not-image-effect\" >\r\n\t\t\t\t\t<div class=\"cover text-left\">\r\n\t\t\t\t\t\t\t\t\t\t\t\t<div class=\"entry-thumb \">\r\n\t\t\t\t\t\t\t<img decoding=\"async\" src=\"https:\/\/www.mornera.ch\/wp-content\/uploads\/2021\/03\/Mornera_ponte_tibetano7-900x900.jpg\" alt=\"Pont tib\u00e9tain Carasc\"\/>\r\n\t\t\t\t\t\t\t\t\t\t\t\t\t\t\r\n<div class=\"portfolio-custom-hover\">\r\n\t\t\r\n\t\t\t\t\t\t\t<a class=\"dfd-default-link\" href=\"https:\/\/www.mornera.ch\/fr\/my-product\/pont-tibetain-carasc\/\"><\/a>\r\n\t\t\t\t\t\t\t\r\n\t\t\t<div class=\"dfd-folio-icons-wrap\">\r\n\t\t\t\t\t\t\t<\/div>\r\n<\/div>\r\n\r\n\t\t\t\t\t\t<\/div>\r\n\r\n\r\n\t\t\t\t\t\t<div class=\"dfd-folio-heading-wrap\"><div class=\"dfd-folio-categories\">\r\n\t<span class=\"byline category\">\r\n\t\t<a href=\"https:\/\/www.mornera.ch\/fr\/my-product_category\/attractions-pont-tibetain-carasc\/\" class=\"fn\" >\r\n\t\t\t<span class=\"cat-name\">Attractions Pont tib\u00e9tain Carasc<\/span>\r\n\t\t<\/a>\r\n\t<\/span>\r\n<\/div><h2 class=\"dfd-blog-title dfd-portfolio-title \" style=\"font-family:Montserrat; font-weight:700; font-style:normal; font-size: 30px; color: #000000 !important; line-height: 38px; letter-spacing: 0px; \"><a href=\"https:\/\/www.mornera.ch\/fr\/my-product\/pont-tibetain-carasc\/\" title=\"Pont tib\u00e9tain Carasc\">Pont tib\u00e9tain Carasc<\/a><\/h2><\/div>\r\n\t\t\t\t\t\t\t\t\t\t\t\t\t<div class=\"dfd-read-share clearfix\">\r\n\t\t\t\t\t\t\t\t\t\t\t\t\t\t\t\t\t<div class=\"read-more-wrap\">\r\n\t\t\t\t\t\t\t\t\t\t<a href=\"https:\/\/www.mornera.ch\/fr\/my-product\/pont-tibetain-carasc\/\" class=\"more-button simple\" title=\"\" data-lang=\"en\">More<\/a>\r\n\t\t\t\t\t\t\t\t\t<\/div>\r\n\t\t\t\t\t\t\t\t\t\t\t\t\t\t\t\t\t\t\t\t\t\t\t<\/div>\r\n\t\t\t\t\t\t\t\t\t\t\t<\/div>\r\n\t\t\t\t<\/div>\r\n\t\t\t\t\t\t\t\t<div class=\"project dfd-fade-out dfd-not-image-effect\" >\r\n\t\t\t\t\t<div class=\"cover text-left\">\r\n\t\t\t\t\t\t\t\t\t\t\t\t<div class=\"entry-thumb \">\r\n\t\t\t\t\t\t\t<img decoding=\"async\" src=\"https:\/\/www.mornera.ch\/wp-content\/uploads\/2021\/03\/Mornera_via_ferrata1-900x900.jpg\" alt=\"Voie ferr\u00e9e \u00ab Tre Signori \u00bb\"\/>\r\n\t\t\t\t\t\t\t\t\t\t\t\t\t\t\r\n<div class=\"portfolio-custom-hover\">\r\n\t\t\r\n\t\t\t\t\t\t\t<a class=\"dfd-default-link\" href=\"https:\/\/www.mornera.ch\/fr\/my-product\/voie-ferree-tre-signori\/\"><\/a>\r\n\t\t\t\t\t\t\t\r\n\t\t\t<div class=\"dfd-folio-icons-wrap\">\r\n\t\t\t\t\t\t\t<\/div>\r\n<\/div>\r\n\r\n\t\t\t\t\t\t<\/div>\r\n\r\n\r\n\t\t\t\t\t\t<div class=\"dfd-folio-heading-wrap\"><div class=\"dfd-folio-categories\">\r\n\t<span class=\"byline category\">\r\n\t\t<a href=\"https:\/\/www.mornera.ch\/fr\/my-product_category\/attractions-voie-ferree\/\" class=\"fn\" >\r\n\t\t\t<span class=\"cat-name\">Attractions voie ferr\u00e9e<\/span>\r\n\t\t<\/a>\r\n\t<\/span>\r\n<\/div><h2 class=\"dfd-blog-title dfd-portfolio-title \" style=\"font-family:Montserrat; font-weight:700; font-style:normal; font-size: 30px; color: #000000 !important; line-height: 38px; letter-spacing: 0px; \"><a href=\"https:\/\/www.mornera.ch\/fr\/my-product\/voie-ferree-tre-signori\/\" title=\"Voie ferr\u00e9e \u00ab Tre Signori \u00bb\">Voie ferr\u00e9e \u00ab Tre Signori \u00bb<\/a><\/h2><\/div>\r\n\t\t\t\t\t\t\t\t\t\t\t\t\t<div class=\"dfd-read-share clearfix\">\r\n\t\t\t\t\t\t\t\t\t\t\t\t\t\t\t\t\t<div class=\"read-more-wrap\">\r\n\t\t\t\t\t\t\t\t\t\t<a href=\"https:\/\/www.mornera.ch\/fr\/my-product\/voie-ferree-tre-signori\/\" class=\"more-button simple\" title=\"\" data-lang=\"en\">More<\/a>\r\n\t\t\t\t\t\t\t\t\t<\/div>\r\n\t\t\t\t\t\t\t\t\t\t\t\t\t\t\t\t\t\t\t\t\t\t\t<\/div>\r\n\t\t\t\t\t\t\t\t\t\t\t<\/div>\r\n\t\t\t\t<\/div>\r\n\t\t\t\t\t\t\t\t<div class=\"project dfd-fade-out dfd-not-image-effect\" >\r\n\t\t\t\t\t<div class=\"cover text-left\">\r\n\t\t\t\t\t\t\t\t\t\t\t\t<div class=\"entry-thumb \">\r\n\t\t\t\t\t\t\t<img decoding=\"async\" src=\"https:\/\/www.mornera.ch\/wp-content\/uploads\/2021\/03\/mornera_parapendio1-900x900.jpg\" alt=\"Parapente\"\/>\r\n\t\t\t\t\t\t\t\t\t\t\t\t\t\t\r\n<div class=\"portfolio-custom-hover\">\r\n\t\t\r\n\t\t\t\t\t\t\t<a class=\"dfd-default-link\" href=\"https:\/\/www.mornera.ch\/fr\/my-product\/parapente\/\"><\/a>\r\n\t\t\t\t\t\t\t\r\n\t\t\t<div class=\"dfd-folio-icons-wrap\">\r\n\t\t\t\t\t\t\t<\/div>\r\n<\/div>\r\n\r\n\t\t\t\t\t\t<\/div>\r\n\r\n\r\n\t\t\t\t\t\t<div class=\"dfd-folio-heading-wrap\"><div class=\"dfd-folio-categories\">\r\n\t<span class=\"byline category\">\r\n\t\t<a href=\"https:\/\/www.mornera.ch\/fr\/my-product_category\/attractions-parapente\/\" class=\"fn\" >\r\n\t\t\t<span class=\"cat-name\">Attractions parapente<\/span>\r\n\t\t<\/a>\r\n\t<\/span>\r\n<\/div><h2 class=\"dfd-blog-title dfd-portfolio-title \" style=\"font-family:Montserrat; font-weight:700; font-style:normal; font-size: 30px; color: #000000 !important; line-height: 38px; letter-spacing: 0px; \"><a href=\"https:\/\/www.mornera.ch\/fr\/my-product\/parapente\/\" title=\"Parapente\">Parapente<\/a><\/h2><\/div>\r\n\t\t\t\t\t\t\t\t\t\t\t\t\t<div class=\"dfd-read-share clearfix\">\r\n\t\t\t\t\t\t\t\t\t\t\t\t\t\t\t\t\t<div class=\"read-more-wrap\">\r\n\t\t\t\t\t\t\t\t\t\t<a href=\"https:\/\/www.mornera.ch\/fr\/my-product\/parapente\/\" class=\"more-button simple\" title=\"\" data-lang=\"en\">More<\/a>\r\n\t\t\t\t\t\t\t\t\t<\/div>\r\n\t\t\t\t\t\t\t\t\t\t\t\t\t\t\t\t\t\t\t\t\t\t\t<\/div>\r\n\t\t\t\t\t\t\t\t\t\t\t<\/div>\r\n\t\t\t\t<\/div>\r\n\t\t\t\t\t\t\t\t<div class=\"project dfd-fade-out dfd-not-image-effect\" >\r\n\t\t\t\t\t<div class=\"cover text-left\">\r\n\t\t\t\t\t\t\t\t\t\t\t\t<div class=\"entry-thumb \">\r\n\t\t\t\t\t\t\t<img decoding=\"async\" src=\"https:\/\/www.mornera.ch\/wp-content\/uploads\/2021\/03\/mornera_curzu\u0300tt1-900x900.jpg\" alt=\"Curz\u00fatt\"\/>\r\n\t\t\t\t\t\t\t\t\t\t\t\t\t\t\r\n<div class=\"portfolio-custom-hover\">\r\n\t\t\r\n\t\t\t\t\t\t\t<a class=\"dfd-default-link\" href=\"https:\/\/www.mornera.ch\/fr\/my-product\/curzutt\/\"><\/a>\r\n\t\t\t\t\t\t\t\r\n\t\t\t<div class=\"dfd-folio-icons-wrap\">\r\n\t\t\t\t\t\t\t<\/div>\r\n<\/div>\r\n\r\n\t\t\t\t\t\t<\/div>\r\n\r\n\r\n\t\t\t\t\t\t<div class=\"dfd-folio-heading-wrap\"><div class=\"dfd-folio-categories\">\r\n\t<span class=\"byline category\">\r\n\t\t<a href=\"https:\/\/www.mornera.ch\/fr\/my-product_category\/attrazione-nucleo-curzutt-fr\/\" class=\"fn\" >\r\n\t\t\t<span class=\"cat-name\">Attrazione Nucleo Curz\u00fatt<\/span>\r\n\t\t<\/a>\r\n\t<\/span>\r\n<\/div><h2 class=\"dfd-blog-title dfd-portfolio-title \" style=\"font-family:Montserrat; font-weight:700; font-style:normal; font-size: 30px; color: #000000 !important; line-height: 38px; letter-spacing: 0px; \"><a href=\"https:\/\/www.mornera.ch\/fr\/my-product\/curzutt\/\" title=\"Curz\u00fatt\">Curz\u00fatt<\/a><\/h2><\/div>\r\n\t\t\t\t\t\t\t\t\t\t\t\t\t<div class=\"dfd-read-share clearfix\">\r\n\t\t\t\t\t\t\t\t\t\t\t\t\t\t\t\t\t<div class=\"read-more-wrap\">\r\n\t\t\t\t\t\t\t\t\t\t<a href=\"https:\/\/www.mornera.ch\/fr\/my-product\/curzutt\/\" class=\"more-button simple\" title=\"\" data-lang=\"en\">More<\/a>\r\n\t\t\t\t\t\t\t\t\t<\/div>\r\n\t\t\t\t\t\t\t\t\t\t\t\t\t\t\t\t\t\t\t\t\t\t\t<\/div>\r\n\t\t\t\t\t\t\t\t\t\t\t<\/div>\r\n\t\t\t\t<\/div>\r\n\t\t\t\t\t\t\t\t<div class=\"project dfd-fade-out dfd-not-image-effect\" >\r\n\t\t\t\t\t<div class=\"cover text-left\">\r\n\t\t\t\t\t\t\t\t\t\t\t\t<div class=\"entry-thumb \">\r\n\t\t\t\t\t\t\t<img decoding=\"async\" src=\"https:\/\/www.mornera.ch\/wp-content\/uploads\/2021\/03\/Mornera_zona_archeologica_punce\u0300te1-900x900.jpg\" alt=\"Zone arch\u00e9ologique de \u00ab Punc\u00e8te \u00bb\"\/>\r\n\t\t\t\t\t\t\t\t\t\t\t\t\t\t\r\n<div class=\"portfolio-custom-hover\">\r\n\t\t\r\n\t\t\t\t\t\t\t<a class=\"dfd-default-link\" href=\"https:\/\/www.mornera.ch\/fr\/my-product\/zone-archeologique-de-puncete\/\"><\/a>\r\n\t\t\t\t\t\t\t\r\n\t\t\t<div class=\"dfd-folio-icons-wrap\">\r\n\t\t\t\t\t\t\t<\/div>\r\n<\/div>\r\n\r\n\t\t\t\t\t\t<\/div>\r\n\r\n\r\n\t\t\t\t\t\t<div class=\"dfd-folio-heading-wrap\"><div class=\"dfd-folio-categories\">\r\n\t<span class=\"byline category\">\r\n\t\t<a href=\"https:\/\/www.mornera.ch\/fr\/my-product_category\/attractions-puncete\/\" class=\"fn\" >\r\n\t\t\t<span class=\"cat-name\">Attractions Punc\u00e8te<\/span>\r\n\t\t<\/a>\r\n\t<\/span>\r\n<\/div><h2 class=\"dfd-blog-title dfd-portfolio-title \" style=\"font-family:Montserrat; font-weight:700; font-style:normal; font-size: 30px; color: #000000 !important; line-height: 38px; letter-spacing: 0px; \"><a href=\"https:\/\/www.mornera.ch\/fr\/my-product\/zone-archeologique-de-puncete\/\" title=\"Zone arch\u00e9ologique de \u00ab Punc\u00e8te \u00bb\">Zone arch\u00e9ologique de \u00ab Punc\u00e8te \u00bb<\/a><\/h2><\/div>\r\n\t\t\t\t\t\t\t\t\t\t\t\t\t<div class=\"dfd-read-share clearfix\">\r\n\t\t\t\t\t\t\t\t\t\t\t\t\t\t\t\t\t<div class=\"read-more-wrap\">\r\n\t\t\t\t\t\t\t\t\t\t<a href=\"https:\/\/www.mornera.ch\/fr\/my-product\/zone-archeologique-de-puncete\/\" class=\"more-button simple\" title=\"\" data-lang=\"en\">More<\/a>\r\n\t\t\t\t\t\t\t\t\t<\/div>\r\n\t\t\t\t\t\t\t\t\t\t\t\t\t\t\t\t\t\t\t\t\t\t\t<\/div>\r\n\t\t\t\t\t\t\t\t\t\t\t<\/div>\r\n\t\t\t\t<\/div>\r\n\t\t\t\t\t\t\t\t<div class=\"project dfd-fade-out dfd-not-image-effect\" >\r\n\t\t\t\t\t<div class=\"cover text-left\">\r\n\t\t\t\t\t\t\t\t\t\t\t\t<div class=\"entry-thumb \">\r\n\t\t\t\t\t\t\t<img decoding=\"async\" src=\"https:\/\/www.mornera.ch\/wp-content\/uploads\/2021\/03\/Mornera_laghetto_pian_di_nar4-900x900.jpg\" alt=\"Petit lac de Pian di Nar\"\/>\r\n\t\t\t\t\t\t\t\t\t\t\t\t\t\t\r\n<div class=\"portfolio-custom-hover\">\r\n\t\t\r\n\t\t\t\t\t\t\t<a class=\"dfd-default-link\" href=\"https:\/\/www.mornera.ch\/fr\/my-product\/petit-lac-de-pian-di-nar\/\"><\/a>\r\n\t\t\t\t\t\t\t\r\n\t\t\t<div class=\"dfd-folio-icons-wrap\">\r\n\t\t\t\t\t\t\t<\/div>\r\n<\/div>\r\n\r\n\t\t\t\t\t\t<\/div>\r\n\r\n\r\n\t\t\t\t\t\t<div class=\"dfd-folio-heading-wrap\"><div class=\"dfd-folio-categories\">\r\n\t<span class=\"byline category\">\r\n\t\t<a href=\"https:\/\/www.mornera.ch\/fr\/my-product_category\/attractions-petit-lac-de-pian-di-nar\/\" class=\"fn\" >\r\n\t\t\t<span class=\"cat-name\">Attractions Petit lac de Pian di Nar<\/span>\r\n\t\t<\/a>\r\n\t<\/span>\r\n<\/div><h2 class=\"dfd-blog-title dfd-portfolio-title \" style=\"font-family:Montserrat; font-weight:700; font-style:normal; font-size: 30px; color: #000000 !important; line-height: 38px; letter-spacing: 0px; \"><a href=\"https:\/\/www.mornera.ch\/fr\/my-product\/petit-lac-de-pian-di-nar\/\" title=\"Petit lac de Pian di Nar\">Petit lac de Pian di Nar<\/a><\/h2><\/div>\r\n\t\t\t\t\t\t\t\t\t\t\t\t\t<div class=\"dfd-read-share clearfix\">\r\n\t\t\t\t\t\t\t\t\t\t\t\t\t\t\t\t\t<div class=\"read-more-wrap\">\r\n\t\t\t\t\t\t\t\t\t\t<a href=\"https:\/\/www.mornera.ch\/fr\/my-product\/petit-lac-de-pian-di-nar\/\" class=\"more-button simple\" title=\"\" data-lang=\"en\">More<\/a>\r\n\t\t\t\t\t\t\t\t\t<\/div>\r\n\t\t\t\t\t\t\t\t\t\t\t\t\t\t\t\t\t\t\t\t\t\t\t<\/div>\r\n\t\t\t\t\t\t\t\t\t\t\t<\/div>\r\n\t\t\t\t<\/div>\r\n\t\t\t\t\t\t<\/div>\r\n\t<\/div>\r\n<\/div><script type=\"text\/javascript\">\r\n\t\t\t\t\t\t\t\t(function($) {$(\"head\").append(\"<style>#dfd-portfolio-module-69db7b1dbe71b .dfd-portfolio {margin: -15px;}#dfd-portfolio-module-69db7b1dbe71b .dfd-portfolio .cover {padding: 15px;}#dfd-portfolio-module-69db7b1dbe71b.dfd-portfolio-loop .dfd-portfolio .project .cover .dfd-folio-heading-wrap {left: 15px;right: 15px;}#dfd-portfolio-module-69db7b1dbe71b .project .entry-thumb .portfolio-custom-hover {background-color: rgba(255,255,255,0.01);}<\/style>\");if(typeof jQuery.fn.initTaxonomyIsotope !== \"undefined\") {\r\n\t\t\t\t\tjQuery(\"#dfd-portfolio-module-69db7b1dbe71b .dfd-new-isotope\").initTaxonomyIsotope();\r\n\t\t\t\t}})(jQuery);\r\n\t\t\t\t\t\t\t<\/script><\/div>\n\t\t<\/div> \n\t<\/div> <\/div><div class=\"dfd-row-bg-overlay\" style=\"opacity: 0.8;\"><\/div><script type=\"text\/javascript\">(function($) {$(\"head\").append(\"<style>@media (max-width: 799px){.vc-row-wrapper.vc-row-responsive-69db7b1dbdd2c{padding-left: 30px !important;padding-right: 30px !important;}}<\/style>\");})(jQuery);<\/script><\/div><div  class=\"vc_row vc-row-wrapper \" data-parallax_sense=\"30\"><div class=\"wpb_row row\" >\n\t<div class=\"twelve columns vc-column-extra-class-69db7b1dd9265\" data-parallax_sense=\"30\">\n\t\t<div class=\"wpb_wrapper\">\n\t\t\t<div class=\"dfd-spacer-module\"  data-units=\"px\" data-wide_resolution=\"1280\" data-wide_size=\"200\" data-normal_resolution=\"1024\" data-normal_size=\"150\" data-tablet_resolution=\"800\" data-tablet_size=\"150\" data-mobile_resolution=\"480\" data-mobile_size=\"100\" style=\"height: 200px;\"><\/div>\n\t\t<\/div> \n\t<\/div> <\/div><div class=\"dfd-row-bg-overlay\" style=\"opacity: 0.8;\"><\/div><\/div>\n<\/div>","protected":false},"excerpt":{"rendered":"\u2190 ATTRACTIONS AVANT \u2192 Petit lac de Pian di Nar Le petit lac de Pian di Nar est accessible en 15 minutes depuis la station d'arriv\u00e9e du t\u00e9l\u00e9ph\u00e9rique, en suivant","protected":false},"author":1,"featured_media":0,"parent":0,"menu_order":0,"comment_status":"closed","ping_status":"closed","template":"page-custom.php","meta":{"inline_featured_image":false,"footnotes":""},"class_list":["post-31809","page","type-page","status-publish","hentry"],"yoast_head":"<!-- This site is optimized with the Yoast SEO plugin v26.6 - https:\/\/yoast.com\/wordpress\/plugins\/seo\/ -->\n<title>Attractions - Funivia Monte Carasso Mornera<\/title>\n<meta name=\"description\" content=\"Visualizza le principali attrazioni di Mornera.\" \/>\n<meta name=\"robots\" content=\"index, follow, max-snippet:-1, max-image-preview:large, max-video-preview:-1\" \/>\n<link rel=\"canonical\" href=\"https:\/\/www.mornera.ch\/attrazioni\/\" \/>\n<meta property=\"og:locale\" content=\"fr_FR\" \/>\n<meta property=\"og:type\" content=\"article\" \/>\n<meta property=\"og:title\" content=\"Attractions - Funivia Monte Carasso Mornera\" \/>\n<meta property=\"og:description\" content=\"Visualizza le principali attrazioni di Mornera.\" \/>\n<meta property=\"og:url\" content=\"https:\/\/www.mornera.ch\/attrazioni\/\" \/>\n<meta property=\"og:site_name\" content=\"Funivia Monte Carasso Mornera\" \/>\n<meta property=\"article:modified_time\" content=\"2023-06-06T12:50:49+00:00\" \/>\n<meta name=\"twitter:card\" content=\"summary_large_image\" \/>\n<meta name=\"twitter:label1\" content=\"Dur\u00e9e de lecture estim\u00e9e\" \/>\n\t<meta name=\"twitter:data1\" content=\"2 minutes\" \/>\n<script type=\"application\/ld+json\" class=\"yoast-schema-graph\">{\"@context\":\"https:\/\/schema.org\",\"@graph\":[{\"@type\":\"WebPage\",\"@id\":\"https:\/\/www.mornera.ch\/attrazioni\/\",\"url\":\"https:\/\/www.mornera.ch\/attrazioni\/\",\"name\":\"Attractions - Funivia Monte Carasso Mornera\",\"isPartOf\":{\"@id\":\"https:\/\/www.mornera.ch\/#website\"},\"datePublished\":\"2023-03-14T14:00:35+00:00\",\"dateModified\":\"2023-06-06T12:50:49+00:00\",\"description\":\"Visualizza le principali attrazioni di Mornera.\",\"breadcrumb\":{\"@id\":\"https:\/\/www.mornera.ch\/attrazioni\/#breadcrumb\"},\"inLanguage\":\"fr-FR\",\"potentialAction\":[{\"@type\":\"ReadAction\",\"target\":[\"https:\/\/www.mornera.ch\/attrazioni\/\"]}]},{\"@type\":\"BreadcrumbList\",\"@id\":\"https:\/\/www.mornera.ch\/attrazioni\/#breadcrumb\",\"itemListElement\":[{\"@type\":\"ListItem\",\"position\":1,\"name\":\"Home\",\"item\":\"https:\/\/www.mornera.ch\/\"},{\"@type\":\"ListItem\",\"position\":2,\"name\":\"Attractions\"}]},{\"@type\":\"WebSite\",\"@id\":\"https:\/\/www.mornera.ch\/#website\",\"url\":\"https:\/\/www.mornera.ch\/\",\"name\":\"Funivia Monte Carasso Mornera\",\"description\":\"\",\"potentialAction\":[{\"@type\":\"SearchAction\",\"target\":{\"@type\":\"EntryPoint\",\"urlTemplate\":\"https:\/\/www.mornera.ch\/?s={search_term_string}\"},\"query-input\":{\"@type\":\"PropertyValueSpecification\",\"valueRequired\":true,\"valueName\":\"search_term_string\"}}],\"inLanguage\":\"fr-FR\"}]}<\/script>\n<!-- \/ Yoast SEO plugin. -->","yoast_head_json":{"title":"Attractions - Funivia Monte Carasso Mornera","description":"Visualizza le principali attrazioni di Mornera.","robots":{"index":"index","follow":"follow","max-snippet":"max-snippet:-1","max-image-preview":"max-image-preview:large","max-video-preview":"max-video-preview:-1"},"canonical":"https:\/\/www.mornera.ch\/attrazioni\/","og_locale":"fr_FR","og_type":"article","og_title":"Attractions - Funivia Monte Carasso Mornera","og_description":"Visualizza le principali attrazioni di Mornera.","og_url":"https:\/\/www.mornera.ch\/attrazioni\/","og_site_name":"Funivia Monte Carasso Mornera","article_modified_time":"2023-06-06T12:50:49+00:00","twitter_card":"summary_large_image","twitter_misc":{"Dur\u00e9e de lecture estim\u00e9e":"2 minutes"},"schema":{"@context":"https:\/\/schema.org","@graph":[{"@type":"WebPage","@id":"https:\/\/www.mornera.ch\/attrazioni\/","url":"https:\/\/www.mornera.ch\/attrazioni\/","name":"Attractions - Funivia Monte Carasso Mornera","isPartOf":{"@id":"https:\/\/www.mornera.ch\/#website"},"datePublished":"2023-03-14T14:00:35+00:00","dateModified":"2023-06-06T12:50:49+00:00","description":"Visualizza le principali attrazioni di Mornera.","breadcrumb":{"@id":"https:\/\/www.mornera.ch\/attrazioni\/#breadcrumb"},"inLanguage":"fr-FR","potentialAction":[{"@type":"ReadAction","target":["https:\/\/www.mornera.ch\/attrazioni\/"]}]},{"@type":"BreadcrumbList","@id":"https:\/\/www.mornera.ch\/attrazioni\/#breadcrumb","itemListElement":[{"@type":"ListItem","position":1,"name":"Home","item":"https:\/\/www.mornera.ch\/"},{"@type":"ListItem","position":2,"name":"Attractions"}]},{"@type":"WebSite","@id":"https:\/\/www.mornera.ch\/#website","url":"https:\/\/www.mornera.ch\/","name":"Funivia Monte Carasso Mornera","description":"","potentialAction":[{"@type":"SearchAction","target":{"@type":"EntryPoint","urlTemplate":"https:\/\/www.mornera.ch\/?s={search_term_string}"},"query-input":{"@type":"PropertyValueSpecification","valueRequired":true,"valueName":"search_term_string"}}],"inLanguage":"fr-FR"}]}},"_links":{"self":[{"href":"https:\/\/www.mornera.ch\/fr\/wp-json\/wp\/v2\/pages\/31809","targetHints":{"allow":["GET"]}}],"collection":[{"href":"https:\/\/www.mornera.ch\/fr\/wp-json\/wp\/v2\/pages"}],"about":[{"href":"https:\/\/www.mornera.ch\/fr\/wp-json\/wp\/v2\/types\/page"}],"author":[{"embeddable":true,"href":"https:\/\/www.mornera.ch\/fr\/wp-json\/wp\/v2\/users\/1"}],"replies":[{"embeddable":true,"href":"https:\/\/www.mornera.ch\/fr\/wp-json\/wp\/v2\/comments?post=31809"}],"version-history":[{"count":4,"href":"https:\/\/www.mornera.ch\/fr\/wp-json\/wp\/v2\/pages\/31809\/revisions"}],"predecessor-version":[{"id":31980,"href":"https:\/\/www.mornera.ch\/fr\/wp-json\/wp\/v2\/pages\/31809\/revisions\/31980"}],"wp:attachment":[{"href":"https:\/\/www.mornera.ch\/fr\/wp-json\/wp\/v2\/media?parent=31809"}],"curies":[{"name":"wp","href":"https:\/\/api.w.org\/{rel}","templated":true}]}}